{"id":1728,"date":"2017-01-24T16:07:51","date_gmt":"2017-01-24T16:07:51","guid":{"rendered":"https:\/\/osteopatiaymasaje.com\/?page_id=1728"},"modified":"2022-04-04T17:13:58","modified_gmt":"2022-04-04T15:13:58","slug":"contact","status":"publish","type":"page","link":"https:\/\/osteopatiaymasaje.com\/en\/contact\/","title":{"rendered":"Contact, Open hours &#038; Location"},"content":{"rendered":"<div class=\"wpb-content-wrapper\"><p>[vc_section]<\/p>\n<p>[vc_row gap=&#8221;20&#8243;][vc_column width=&#8221;1\/2&#8243; css=&#8221;.vc_custom_1467214267244{padding-top: 10px !important;padding-bottom: 10px !important;}&#8221;] <h2 style=\"color:;padding:px;text-align:;font-size:25px;line-height:25px;letter-spacing: px;font-weight:normal\" class=\"   nd_options_first_font \">Contact with Javier Arceo - osteopathy<\/h2> <div style=\"background-color:;height: 20px\" class=\"nicdark_section  \"><\/div>[vc_column_text]<\/p>\n<p id=\"tw-target-text\" class=\"tw-data-text tw-text-large tw-ta\" dir=\"ltr\" data-placeholder=\"Traducci\u00f3n\"><span lang=\"en\">Here you can make an appointment, or contact the center of osteopathy and massage in the Salamanca district (Madrid), which is located on Calle del Conde de Pe\u00f1alver 20, in the commercial area of \u200b\u200bGoya.<\/span><\/p>\n<p>[\/vc_column_text]<\/p>\n<p>[vc_column_text]<\/p>\n<p id=\"tw-target-text\" class=\"tw-data-text tw-text-large tw-ta\" dir=\"ltr\" data-placeholder=\"Traducci\u00f3n\"><span lang=\"en\">Mi office is open to offer you an effective care with using all my <strong>professional experience of more than 15 years<\/strong> which allows me to combine different techniques of massage and osteopathy to <strong>return the balance<\/strong> to each patient.<\/span><\/p>\n<p>[\/vc_column_text]<\/p>\n<p>[vc_column_text]<strong>An effective and personal osteopathic treatment at Madrid center district.<\/strong>[\/vc_column_text][vc_single_image image=&#8221;2970&#8243; img_size=&#8221;large&#8221; add_caption=&#8221;yes&#8221; alt=&#8221;cita osteopata&#8221;][\/vc_column][vc_column width=&#8221;1\/2&#8243; css=&#8221;.vc_custom_1467214272039{padding-top: 10px !important;padding-bottom: 10px !important;}&#8221;] <h3 style=\"color:#000000;padding:px;text-align:center;font-size:25px;line-height:25px;letter-spacing: px;font-weight:normal\" class=\"   nd_options_first_font \">Contact formulary<\/h3>  <h2 style=\"color:#000000;padding:px;text-align:center;font-size:25px;line-height:25px;letter-spacing: px;font-weight:normal\" class=\"   nd_options_first_font \">Ask a question or request an appointment<\/h2> \n\n    <!--start form-->\n    <div id=\"nd_options_shortcode_cf7_1734\" class=\"nd_options_section \">\n      \n      <div class=\"nd_options_section nd_options_box_sizing_border_box\">\n        \n<div class=\"wpcf7 no-js\" id=\"wpcf7-f1734-o1\" lang=\"en-US\" dir=\"ltr\">\n<div class=\"screen-reader-response\"><p role=\"status\" aria-live=\"polite\" aria-atomic=\"true\"><\/p> <ul><\/ul><\/div>\n<form action=\"\/en\/wp-json\/wp\/v2\/pages\/1728#wpcf7-f1734-o1\" method=\"post\" class=\"wpcf7-form init\" aria-label=\"Contact form\" novalidate=\"novalidate\" data-status=\"init\">\n<div>\n<input type=\"hidden\" name=\"_wpcf7\" value=\"1734\" \/>\n<input type=\"hidden\" name=\"_wpcf7_version\" value=\"5.9.8\" \/>\n<input type=\"hidden\" name=\"_wpcf7_locale\" value=\"en_US\" \/>\n<input type=\"hidden\" name=\"_wpcf7_unit_tag\" value=\"wpcf7-f1734-o1\" \/>\n<input type=\"hidden\" name=\"_wpcf7_container_post\" value=\"0\" \/>\n<input type=\"hidden\" name=\"_wpcf7_posted_data_hash\" value=\"\" \/>\n<\/div>\n<div id=\"responsive-form\" class=\"clearfix\">\n\t<div class=\"form-row\">\n\t\t<div class=\"column-half\">\n\t\t\t<div class=\"nd_options_float_left nd_options_box_sizing_border_box nd_options_width_100_percentage_all_iphone_important nd_options_padding_0_right_important_all_iphone nd_options_padding_0_left_important_all_iphone \" style=\"padding: 10px 0px;width:50%\"><span class=\"wpcf7-form-control-wrap\" data-name=\"your-name\"><\/span><\/div>\n\t\t<\/div>\n\t\t<div class=\"column-half\">\n\t\t\t<div class=\"nd_options_float_left nd_options_box_sizing_border_box nd_options_width_100_percentage_all_iphone_important nd_options_padding_0_right_important_all_iphone nd_options_padding_0_left_important_all_iphone \" style=\"padding: 10px 0px;width:50%\"><span class=\"wpcf7-form-control-wrap\" data-name=\"last-name\"><\/span><\/div>\n\t\t<\/div>\n\t<\/div>\n\t<div class=\"form-row\">\n\t\t<div class=\"column-half\">\n\t\t\t<div class=\"nd_options_float_left nd_options_box_sizing_border_box nd_options_width_100_percentage_all_iphone_important nd_options_padding_0_right_important_all_iphone nd_options_padding_0_left_important_all_iphone \" style=\"padding: 10px 0px;width:50%\"><span class=\"wpcf7-form-control-wrap\" data-name=\"tel\"><\/span><\/div>\n\t\t<\/div>\n\t\t<div class=\"column-half\">\n\t\t\t<div class=\"nd_options_float_left nd_options_box_sizing_border_box nd_options_width_100_percentage_all_iphone_important nd_options_padding_0_right_important_all_iphone nd_options_padding_0_left_important_all_iphone \" style=\"padding: 10px 0px;width:50%\"><span class=\"wpcf7-form-control-wrap\" data-name=\"email\"><\/span><\/div>\n\t\t<\/div>\n\t<\/div>\n\t<div class=\"form-row\">\n\t\t<div class=\"column-full\">\n\t\t\t<div class=\"nd_options_float_left nd_options_box_sizing_border_box nd_options_width_100_percentage_all_iphone_important nd_options_padding_0_right_important_all_iphone nd_options_padding_0_left_important_all_iphone \" style=\"padding: 10px 0px;width:100%\"><span class=\"wpcf7-form-control-wrap\" data-name=\"subject\"><\/span><\/div>\n\t\t<\/div>\n\t<\/div>\n\t<div class=\"form-row\">\n\t\t<div class=\"column-full\">\n\t\t\t<div class=\"nd_options_float_left nd_options_box_sizing_border_box nd_options_width_100_percentage_all_iphone_important nd_options_padding_0_right_important_all_iphone nd_options_padding_0_left_important_all_iphone \" style=\"padding: 10px 0px;width:100%\"><span class=\"wpcf7-form-control-wrap\" data-name=\"message\"><textarea cols=\"40\" rows=\"8\" class=\"wpcf7-form-control wpcf7-textarea wpcf7-validates-as-required\" name=\"message\"><\/textarea><\/span><\/div>\n\t\t<\/div>\n\t<\/div>\n\t<div class=\"form-row\">\n\t\t\n\t\t\t<p><span class=\"wpcf7-form-control-wrap\" data-name=\"acceptance-57\"><span class=\"wpcf7-form-control wpcf7-acceptance optional\"><span class=\"wpcf7-list-item\"><input type=\"checkbox\" name=\"acceptance-57\" value=\"1\" class=\"nd_options_margin_top_20 nd_options_margin_right_20\" aria-invalid=\"false\" \/><\/span><\/span><\/span> I have read the Privacy Policy\n\t\t\t<\/p>\n\t\t\n\t\t\n\t\t\t<p><input class=\"wpcf7-form-control wpcf7-submit has-spinner nd_options_margin_top_20\" type=\"submit\" value=\"SEND\" \/>\n\t\t\t<\/p>\n\t\t\n\t<\/div>\n<\/div><div class=\"wpcf7-response-output\" aria-hidden=\"true\"><\/div>\n<\/form>\n<\/div>\n \n      <\/div>  \n\n    <\/div>\n    <!--end form-->\n\n   [\/vc_column][\/vc_row][\/vc_section]<\/p>\n<p>[vc_row][vc_column width=&#8221;1\/2&#8243;]<\/p>\n<p>[vc_column_text]<\/p>\n<p style=\"text-align: center;\">If you prefer you can contact by phone:<\/p>\n<p>[\/vc_column_text]<\/p>\n<div class=\"nd_options_section nd_options_text_align_center\">\n\t<a style=\"border: px solid;border-radius:25px;letter-spacing:px;line-height:16px;font-size:16px;background-color:#9b7c00;padding:15px 20px;margin:10px;color:#ffffff\" rel=\"\" href=\"tel:0034 9 100 86 100\" class=\"nicdark_display_inline_block  nd_options_font_weight_normal nd_options_first_font submit \">CALL NOW<\/a>\n\t<\/div>\n[\/vc_column][vc_column width=&#8221;1\/2&#8243;][vc_column_text]<\/p>\n<p id=\"tw-target-text\" class=\"tw-data-text tw-text-large tw-ta\" dir=\"ltr\" style=\"text-align: center;\" data-placeholder=\"Traducci\u00f3n\"><span lang=\"en\">You can also send us a WhatsApp :<\/span><\/p>\n<p>[\/vc_column_text]<\/p>\n<div class=\"nd_options_section nd_options_text_align_center\">\n\t<a style=\"border: px solid;border-radius:25px;letter-spacing:px;line-height:16px;font-size:16px;background-color:#9b7c00;padding:15px 20px;margin:10px;color:#ffffff\" rel=\"\" href=\"https:\/\/api.whatsapp.com\/send?phone=34623215383\" class=\"nicdark_display_inline_block  nd_options_font_weight_normal nd_options_first_font submit \">WHATSAPP<\/a>\n\t<\/div>\n[\/vc_column][\/vc_row]<\/p>\n<p>[vc_row][vc_column][vc_column_text]<\/p>\n<h2 id=\"tw-target-text\" class=\"tw-data-text tw-text-large tw-ta\" dir=\"ltr\" style=\"text-align: center;\" data-placeholder=\"Traducci\u00f3n\"><strong><span lang=\"en\">Open hours: <\/span><\/strong><\/h2>\n<h4 class=\"tw-data-text tw-text-large tw-ta\" dir=\"ltr\" style=\"text-align: center;\" data-placeholder=\"Traducci\u00f3n\"><span lang=\"en\">11:45-14:00 \/ 16:00-21:00 (tuesday and thursday) <\/span><\/h4>\n<h4 class=\"tw-data-text tw-text-large tw-ta\" dir=\"ltr\" style=\"text-align: center;\" data-placeholder=\"Traducci\u00f3n\"><span lang=\"en\">Saturday and Sunday closed<\/span><\/h4>\n<p>[\/vc_column_text][vc_separator color=&#8221;white&#8221;][vc_column_text]<\/p>\n<h2 style=\"text-align: center;\"><strong>Location<\/strong> of\u00a0 Javier Arceo osteopathy office &#8220;osteopat\u00edaymasaje.com&#8221;<\/h2>\n<p>[\/vc_column_text][vc_column_text]<\/p>\n<p style=\"text-align: center;\">Calle Goya 83 Fisrt Floor Left Door, 28001, Madrid<\/p>\n<p style=\"text-align: center;\"><a href=\"mailto:contacto@osteopatiamasaje.com\" target=\"_blank\" rel=\"noopener noreferrer\">contacto@osteopatiamasaje.com<\/a><\/p>\n<p><span style=\"color: #ffffff;\">cita o<\/span>[\/vc_column_text][vc_column_text]<\/p>\n<p style=\"text-align: center;\">Click on the image to enlarge<\/p>\n<p>[\/vc_column_text][vc_column_text]<\/p>\n<p><center><iframe style=\"border: 0;\" src=\"https:\/\/www.google.com\/maps\/embed?pb=!1m18!1m12!1m3!1d3037.262744443157!2d-3.6799600844148572!3d40.425180579364124!2m3!1f0!2f0!3f0!3m2!1i1024!2i768!4f13.1!3m3!1m2!1s0xd4228bca1c2b39d%3A0x8b4ead1e5f6aeff1!2sCalle%20de%20Goya%2C%2083%2C%2028001%20Madrid!5e0!3m2!1ses!2ses!4v1648047169260!5m2!1ses!2ses\" width=\"600\" height=\"450\" allowfullscreen=\"allowfullscreen\"><\/iframe><\/center>[\/vc_column_text][\/vc_column][\/vc_row]<\/p>\n<\/div>","protected":false},"excerpt":{"rendered":"<p>[vc_section] [vc_row gap=&#8221;20&#8243;][vc_column width=&#8221;1\/2&#8243; css=&#8221;.vc_custom_1467214267244{padding-top: 10px !important;padding-bottom: 10px !important;}&#8221;][vc_column_text] Here you can make an appointment, or contact the center of osteopathy and massage in the Salamanca district (Madrid), which is located on Calle del Conde de Pe\u00f1alver 20, in the commercial area of \u200b\u200bGoya. [\/vc_column_text] [vc_column_text] Mi office is open to offer you an effective [&hellip;]<\/p>\n","protected":false},"author":1,"featured_media":0,"parent":0,"menu_order":0,"comment_status":"closed","ping_status":"closed","template":"","meta":{"footnotes":""},"class_list":["post-1728","page","type-page","status-publish","hentry"],"yoast_head":"<!-- This site is optimized with the Yoast SEO Premium plugin v15.5 - https:\/\/yoast.com\/wordpress\/plugins\/seo\/ -->\n<title>Cita osteopata. | Contacto y horarios | Javier Arceo osteopat\u00eda<\/title>\n<meta name=\"description\" content=\"Cita osteopata. Cita osteopatia por tel\u00e9fono, Whatsapp, o rellenando el formulario de contacto. Javier Arceo, tu oste\u00f3pata en Madrid. Cons\u00faltanos..\" \/>\n<meta name=\"robots\" content=\"index, follow, max-snippet:-1, max-image-preview:large, max-video-preview:-1\" \/>\n<link rel=\"canonical\" href=\"https:\/\/osteopatiaymasaje.com\/en\/contact\/\" \/>\n<meta property=\"og:locale\" content=\"en_US\" \/>\n<meta property=\"og:type\" content=\"article\" \/>\n<meta property=\"og:title\" content=\"Cita osteopata. | Contacto y horarios | Javier Arceo osteopat\u00eda\" \/>\n<meta property=\"og:description\" content=\"Cita osteopata. Cita osteopatia por tel\u00e9fono, Whatsapp, o rellenando el formulario de contacto. Javier Arceo, tu oste\u00f3pata en Madrid. Cons\u00faltanos..\" \/>\n<meta property=\"og:url\" content=\"https:\/\/osteopatiaymasaje.com\/en\/contact\/\" \/>\n<meta property=\"og:site_name\" content=\"Javier Arceo osteopat\u00eda\" \/>\n<meta property=\"article:publisher\" content=\"https:\/\/www.facebook.com\/osteopatiaymasaje\/\" \/>\n<meta property=\"article:modified_time\" content=\"2022-04-04T15:13:58+00:00\" \/>\n<meta property=\"og:image\" content=\"https:\/\/osteopatiaymasaje.com\/wp-content\/uploads\/2020\/02\/JavierArceoOsteopatia.jpg\" \/>\n\t<meta property=\"og:image:width\" content=\"1200\" \/>\n\t<meta property=\"og:image:height\" content=\"630\" \/>\n<meta name=\"twitter:card\" content=\"summary_large_image\" \/>\n<meta name=\"twitter:site\" content=\"@arceosteopata\" \/>\n<meta name=\"twitter:label1\" content=\"Est. reading time\">\n\t<meta name=\"twitter:data1\" content=\"2 minutes\">\n<!-- \/ Yoast SEO Premium plugin. -->","_links":{"self":[{"href":"https:\/\/osteopatiaymasaje.com\/en\/wp-json\/wp\/v2\/pages\/1728"}],"collection":[{"href":"https:\/\/osteopatiaymasaje.com\/en\/wp-json\/wp\/v2\/pages"}],"about":[{"href":"https:\/\/osteopatiaymasaje.com\/en\/wp-json\/wp\/v2\/types\/page"}],"author":[{"embeddable":true,"href":"https:\/\/osteopatiaymasaje.com\/en\/wp-json\/wp\/v2\/users\/1"}],"replies":[{"embeddable":true,"href":"https:\/\/osteopatiaymasaje.com\/en\/wp-json\/wp\/v2\/comments?post=1728"}],"version-history":[{"count":0,"href":"https:\/\/osteopatiaymasaje.com\/en\/wp-json\/wp\/v2\/pages\/1728\/revisions"}],"wp:attachment":[{"href":"https:\/\/osteopatiaymasaje.com\/en\/wp-json\/wp\/v2\/media?parent=1728"}],"curies":[{"name":"wp","href":"https:\/\/api.w.org\/{rel}","templated":true}]}}